{"id":4855,"date":"2025-08-26T12:42:52","date_gmt":"2025-08-26T10:42:52","guid":{"rendered":"https:\/\/digital1to1.com\/it\/politica-cookies\/"},"modified":"2025-08-31T17:22:53","modified_gmt":"2025-08-31T15:22:53","slug":"politica-cookies","status":"publish","type":"page","link":"https:\/\/digital1to1.com\/it\/politica-cookies\/","title":{"rendered":"Politica Cookies"},"content":{"rendered":"\n<div class=\"wp-block-uagb-advanced-heading uagb-block-72a907f9\"><h1 class=\"uagb-heading-text\">Politica Cookies<\/h1><\/div>\n\n\n\n<p>Utilizziamo i cookie per facilitare l&#8217;utilizzo del nostro sito web&nbsp;<a href=\"https:\/\/digital1to1.com\/it\/\">https:\/\/wwww.digital1to1.com&nbsp;<\/a>(di seguito, il<strong>&#8220;Sito web<\/strong>&#8220;). Desideriamo informarvi in modo chiaro e preciso sui cookie che utilizziamo, specificando cosa sono i cookie, a cosa servono, quali tipi di cookie utilizziamo, qual \u00e8 il loro scopo e come potete configurarli o disabilitarli se lo desiderate.<\/p>\n\n\n\n<h2 class=\"wp-block-heading has-medium-font-size\">Cosa sono i cookies?<\/h2>\n\n\n\n<p>I cookies sono piccoli file di dati che ci permettono di confrontare e capire come i nostri utenti navigano nel nostro sito web e, in questo modo, di migliorare di conseguenza il processo di navigazione. I cookie che utilizziamo non memorizzano dati personali o informazioni che possano identificare l&#8217;utente. Se non desiderate ricevere i cookie, configurate il vostro browser Internet in modo da cancellarli dal disco rigido del vostro computer, bloccarli o avvisarvi se sono installati. Per proseguire senza modificare le impostazioni dei cookie, \u00e8 sufficiente continuare a visitare il nostro sito web.<\/p>\n\n\n\n<h2 class=\"wp-block-heading has-medium-font-size\">Che tipo di cookie utilizziamo?<\/h2>\n\n\n\n<p>1. In base all&#8217;entit\u00e0 che li gestisce:<\/p>\n\n\n\n<ul class=\"wp-block-list\">\n<li><strong>Cookies propri: sono quelli inviati al vostro computer dai nostri computer o domini e dai quali forniamo il servizio da voi richiesto.<\/strong><\/li>\n\n\n\n<li><strong>Cookies di terze parti: si tratta di cookies inviati al vostro computer da un computer o da un dominio non gestito da noi, ma da un&#8217;altra entit\u00e0 che collabora.<\/strong><\/li>\n<\/ul>\n\n\n\n<p>2. A seconda della durata della loro attivazione:<\/p>\n\n\n\n<ul class=\"wp-block-list\">\n<li><strong>Cookies di sessione: questi cookies memorizzano le informazioni necessarie durante la sessione e le modifiche ad essa correlate, oltre a determinare se l&#8217;utente ha effettuato o meno l&#8217;accesso al sito web.<\/strong><\/li>\n\n\n\n<li><strong>Cookies persistenti: vengono memorizzati sul disco rigido dell&#8217;utente e vengono letti dal nostro sito web ogni volta che si effettua una nuova visita. Un cookie persistente ha una data di scadenza specifica. Dopo tale data il cookie smetter\u00e0 di funzionare.<\/strong><\/li>\n<\/ul>\n\n\n\n<p>3. In base allo scopo:<\/p>\n\n\n\n<ul class=\"wp-block-list\">\n<li><strong>Cookies tecnici: sono necessari per la navigazione e il corretto funzionamento del sito web. Consentono, ad esempio, di controllare il traffico e la comunicazione dei dati, di accedere ad aree riservate, di effettuare il processo di acquisto di un ordine, di utilizzare elementi di sicurezza, di memorizzare contenuti per poter trasmettere video o condividere contenuti attraverso i social network.<\/strong><\/li>\n\n\n\n<li><strong>Cookies di personalizzazione: si tratta di cookie che consentono di accedere al servizio con caratteristiche predefinite in base a una serie di criteri, come la lingua, il tipo di browser attraverso il quale si accede al servizio, la configurazione regionale da cui si accede al servizio, ecc.<\/strong><\/li>\n\n\n\n<li><strong>Cookies di analisi: sono cookie che ci permettono di quantificare il numero di utenti e quindi di effettuare la misurazione e l&#8217;analisi statistica dell&#8217;utilizzo da parte degli utenti dei servizi forniti.<\/strong><\/li>\n\n\n\n<li><strong>Cookies pubblicitari: sono quelli che permettono di gestire, nel modo pi\u00f9 efficiente possibile, gli spazi pubblicitari che possono essere inseriti nel sito web.<\/strong><\/li>\n\n\n\n<li><strong>Cookies di pubblicit\u00e0 comportamentale: questi cookie memorizzano informazioni sul comportamento dell&#8217;utente ottenute attraverso un&#8217;osservazione continua. Grazie ad essi, possiamo conoscere le vostre abitudini di navigazione in Internet e mostrarvi pubblicit\u00e0 correlate al vostro profilo di navigazione.<\/strong><\/li>\n<\/ul>\n\n\n\n<p>Di seguito \u00e8 riportato un elenco dei cookies presenti sul sito e una breve descrizione del loro scopo:<\/p>\n\n\n\n<figure class=\"wp-block-table\"><table class=\"has-fixed-layout\"><tbody><tr><td><strong>Cookie<\/strong><\/td><td><strong>Scopo<\/strong><\/td><td><strong>Scadenza<\/strong><\/td><td><strong>Fornitore<\/strong><\/td><\/tr><tr><td>__utma<\/td><td>Identificazione dei visitatori unici: viene utilizzato per registrare i visitatori unici a fini statistici e analitici.<\/td><td>2 anni<\/td><td>Google Analytics<\/td><\/tr><tr><td>__utmb __utmc<\/td><td>Si tratta di due cookie gemelli che lavorano insieme per calcolare l&#8217;orario di visita al sito web. _utmb memorizza l&#8217;ora esatta di ingresso nel sito web, mentre _utmc memorizza l&#8217;ora di uscita. _utmb viene cancellato al termine della sessione: _utmc attende 30 minuti e poi viene cancellato.<\/td><td>Sessione fino a 30 minuti<\/td><td>Google Analytics<\/td><\/tr><tr><td>__utmz<\/td><td>__utmz riporta la provenienza dell&#8217;utente, il motore di ricerca utilizzato, il link su cui ha fatto clic, i termini di ricerca utilizzati e la parte del mondo in cui si trovava quando \u00e8 entrato nel sito. Questo cookie viene utilizzato da Google Analytics per sapere a chi e a quale fonte\/media\/parola chiave assegnare il merito di una conversione di un obiettivo o di una transazione di e-commerce.<\/td><td>6 mesi<\/td><td>Google Analytics<\/td><\/tr><tr><td>_ga<\/td><td>Cookie analitico il cui scopo \u00e8 quello di identificare gli utenti. La prima volta che un utente accede al sito web tramite un browser, questo cookie viene installato. Quando l&#8217;utente accede nuovamente al sito web con lo stesso browser, il cookie considerer\u00e0 che si tratta dello stesso utente. Solo nel caso in cui l&#8217;utente cambi browser, sar\u00e0 considerato un altro utente.<\/td><td>2 anni<\/td><td>Google Analytics<\/td><\/tr><tr><td>fr<\/td><td>Questo cookie \u00e8 collegato al social network Facebook. Viene utilizzato per consentire all&#8217;utente di condividere contenuti sul suddetto social network o per facilitare la registrazione sul sito web. Utilizziamo questo cookie anche per misurare l&#8217;efficacia delle nostre campagne pubblicitarie su Facebook e confrontarle con altre pubblicit\u00e0 su altri siti web. Durante la navigazione sul nostro sito web, Facebook pu\u00f2 divulgare il proprio materiale pubblicitario. Questi materiali pubblicitari saranno mirati in base alle vostre preferenze e alle pagine precedentemente visitate. Per migliorare la pertinenza dei nostri contenuti pubblicitari, il cookie pu\u00f2 trasmettere informazioni a Facebook. Se decidete di non utilizzare questo cookie, potete trovare informazioni pertinenti sulla politica di Facebook in materia di privacy e sulla procedura per la protezione della vostra privacy al seguente link:<a href=\"https:\/\/www.facebook.com\/policies\/cookies\/\" rel=\"noreferrer noopener\" target=\"_blank\">https:\/\/www.facebook.com\/policies\/cookies\/<\/a><\/td><td>6 mesi<\/td><td>Facebook<\/td><\/tr><tr><td>RTbcookielanglidc<\/td><td>Questi cookies sono collegati a Linkedin.com LinkedIn \u00e8 un social network networking per persone che svolgono professioni. Per maggiori informazioni sui cookie di LinkedIn e sulla procedura per proteggere la vostra privacy, accedete al seguente link:<a href=\"https:\/\/www.linkedin.com\/legal\/cookie_policy\" rel=\"noreferrer noopener\" target=\"_blank\">https:\/\/www.linkedin.com\/legal\/cookie_policy<\/a><\/td><td>Sessione fino a 2 anni<\/td><td>LinkedIn<\/td><\/tr><tr><td>ospite_id_utma_utmb_utmc_utmzKreferente_esterno_twitter_sessct0sessione sicuraospite_idpersonalizzazione_id<\/td><td>Il nostro sito web utilizza i link di Twitter per consentire agli utenti di cercare contenuti promozionali. Twitter imposta una serie di cookies attraverso i suoi pulsanti di condivisione\/follow. Li utilizza per distinguere gli utenti che sono membri di questa rete, per tenerne traccia e per personalizzare questi pulsanti. Per ulteriori informazioni sui cookies di Twitter e su come proteggere la vostra privacy, accedete al seguente link:<a href=\"https:\/\/twitter.com\/es\/privacy\" rel=\"noreferrer noopener\" target=\"_blank\">https:\/\/twitter.com\/es\/privacy<\/a><\/td><td>Sessione fino a 10 anni<\/td><td>Twitter<\/td><\/tr><tr><td>prefvisore_info1_liveyscid del canale<\/td><td>In alcune parti del sito web vengono visualizzati video YouTube incorporati. I cookies implementati da Google su qualsiasi pagina che includa un video di YouTube vengono utilizzati per misurare il numero e il comportamento degli utenti di YouTube, comprese le informazioni che collegano la visita al nostro sito web con il vostro account Google se avete effettuato l&#8217;accesso. Per ulteriori informazioni sui cookie di YouTube e su come proteggere la vostra privacy, vi invitiamo ad accedere all&#8217;informativa sulla privacy di Google al seguente link:<a href=\"http:\/\/www.google.com\/intl\/es\/policies\/privacy\/\" rel=\"noreferrer noopener\" target=\"_blank\">http:\/\/www.google.com\/intl\/es\/policies\/privacy\/<\/a><\/td><td>Sessione fino a 10 anni<\/td><td>YoutubeGoogle<\/td><\/tr><tr><td>JSESSIONID<\/td><td>Il cookies JSESSIONID \u00e8 un cookie proprietario. Si tratta di un identificatore di sessione fornito dal server che consente di memorizzare un identificatore univoco per sessione attraverso il quale \u00e8 possibile collegare i dati necessari a consentire la navigazione corrente.<\/td><td>Sessione<\/td><td>Proprio<\/td><\/tr><tr><td>CfidCftoken<\/td><td>Questi cookies sono essenziali per mantenere una sessione durante la visita dell&#8217;utente al sito web. Consentono di assegnare un numero di identificazione unico all&#8217;utente durante la sessione.<\/td><td>Sessione<\/td><td>Proprio<\/td><\/tr><\/tbody><\/table><\/figure>\n\n\n\n<p> In base alla scelta effettuata dall&#8217;utente in merito all&#8217;utilizzo dei cookies sul sito web, verr\u00e0 inviato un cookie aggiuntivo per salvaguardare la scelta effettuata, in modo che l&#8217;utente non debba accettare l&#8217;utilizzo dei cookies ogni volta che accede al sito web.<\/p>\n\n\n\n<p>Questo elenco verr\u00e0 aggiornato il pi\u00f9 rapidamente possibile in base alle modifiche dei servizi web offerti dal sito. Tuttavia, occasionalmente durante l&#8217;aggiornamento potrebbe accadere che l&#8217;elenco non includa pi\u00f9 un cookie, anche se si riferir\u00e0 sempre a cookies con finalit\u00e0 identiche a quelle registrate in questo elenco.<\/p>\n\n\n\n<p><strong>Se non si desidera consentire l&#8217;utilizzo dei cookies da parte del nostro sito web, seguire le istruzioni riportate di seguito:<\/strong><\/p>\n\n\n\n<p>Queste procedure sono soggette ad aggiornamenti o modifiche da parte degli sviluppatori dei browser, pertanto non possiamo garantire che siano completamente in linea con l&#8217;ultima versione disponibile in un determinato momento.<\/p>\n\n\n\n<p>Per impedire l&#8217;installazione dei cookies, seguire le istruzioni del browser utilizzato:<\/p>\n\n\n\n<ul class=\"wp-block-list\">\n<li><strong>Internet Explorer<\/strong>: nel menu &#8220;Strumenti &gt; Opzioni Internet&#8221;, accedere alla scheda &#8220;Privacy&#8221;, selezionare le impostazioni desiderate e fare clic sul pulsante Impostazioni avanzate. Attivare la casella di controllo &#8220;Ignora la gestione automatica dei cookies&#8221;. Selezionare le caselle di controllo &#8220;Attiva&#8221; o &#8220;Blocca&#8221;. Si consiglia di attivare l&#8217;opzione &#8220;Accetta sempre i cookies di sessione&#8221; per consentire una navigazione ottimale del nostro sito web.<\/li>\n\n\n\n<li><strong>Firefox<\/strong>: nel menu &#8220;Strumenti &gt; Opzioni&#8221;, andare alla scheda &#8220;Privacy&#8221;. Selezionate o deselezionate la casella &#8220;Accetta i cookies dai siti web&#8221; o &#8220;Segnala ai siti web che non voglio essere tracciato&#8221;, a seconda della versione del browser. \u00c8 inoltre possibile eliminare i cookies installati facendo clic sull&#8217;opzione &#8220;Elimina i cookies individualmente&#8221;.<\/li>\n\n\n\n<li><strong>Chrome<\/strong>: nel menu &#8220;Strumenti &gt; Impostazioni&#8221;, accedere alla scheda &#8220;Privacy &gt; Impostazioni contenuti&#8221;. Dopo aver selezionato l&#8217;opzione &#8220;mostra opzioni avanzate&#8221;, selezionare le impostazioni dei cookies preferite. Se non si desidera consentire i cookie, \u00e8 possibile selezionare l&#8217;opzione &#8220;blocca i dati del sito e i cookies di terze parti&#8221;.<\/li>\n\n\n\n<li><strong>Opera<\/strong>: nel menu &#8220;Impostazioni &gt; Opzioni&#8221;, andare alla scheda &#8220;Avanzate&#8221;. Nel menu &#8220;Cookies&#8221;, selezionare le opzioni &#8220;Accetta i cookies&#8221; o &#8220;Non accettare mai i cookies&#8221;. Se si desidera avere un maggiore controllo sui cookie installati sul computer, si consiglia di selezionare l&#8217;opzione &#8220;Chiedi prima di accettare i cookies&#8221;.<\/li>\n\n\n\n<li><strong>Safari<\/strong>: nel menu &#8220;Strumenti &gt; Preferenze&#8221;, andare alla scheda &#8220;Sicurezza&#8221;. Nel menu &#8220;Accetta i cookie&#8221;, selezionare la casella di controllo &#8220;Sempre&#8221; o &#8220;Mai&#8221;. Se avete un iPhone, andate su &#8220;Impostazioni &gt; Safari&#8221; e selezionate se accettare o meno i cookies.<\/li>\n<\/ul>\n\n\n\n<p>Se si utilizza un altro browser, \u00e8 possibile ottenere maggiori informazioni su come configurare l&#8217;installazione dei cookies attraverso la sezione di aiuto o assistenza del browser in questione.<\/p>\n\n\n\n<p>Se avete bisogno di aiuto per impostare i cookies con il vostro browser, inviateci un&#8217;e-mail a&nbsp;<a href=\"mailto:info@clubecommerce.com\">info@clubecommerce.com<\/a>&nbsp;e vi risponderemo al pi\u00f9 presto con le informazioni necessarie.<\/p>\n\n\n\n<h2 class=\"wp-block-heading has-medium-font-size\">Aggiornamenti e modifiche alla Politica sui cookies<\/h2>\n\n\n\n<p>ECOMMERCE ETC, S.L. pu\u00f2 modificare la presente Politica sui cookies in conformit\u00e0 con i requisiti legislativi o normativi, o al fine di adattare tale politica alle istruzioni emanate dall&#8217;Agenzia spagnola per la protezione dei dati, per cui si consiglia agli utenti di visitarla periodicamente. In caso di modifiche significative alla presente Politica sui cookie, queste verranno comunicate agli utenti attraverso il sito web o tramite e-mail agli utenti registrati.<\/p>\n","protected":false},"excerpt":{"rendered":"<p>Politica Cookies Utilizziamo i cookie per facilitare l&#8217;utilizzo del nostro sito web&nbsp;https:\/\/wwww.digital1to1.com&nbsp;(di seguito, il&#8220;Sito web&#8220;). Desideriamo informarvi in modo chiaro [&hellip;]<\/p>\n","protected":false},"author":1,"featured_media":0,"parent":0,"menu_order":0,"comment_status":"closed","ping_status":"closed","template":"","meta":{"_uag_custom_page_level_css":"","site-sidebar-layout":"default","site-content-layout":"","ast-site-content-layout":"default","site-content-style":"default","site-sidebar-style":"default","ast-global-header-display":"","ast-banner-title-visibility":"","ast-main-header-display":"","ast-hfb-above-header-display":"","ast-hfb-below-header-display":"","ast-hfb-mobile-header-display":"","site-post-title":"disabled","ast-breadcrumbs-content":"","ast-featured-img":"","footer-sml-layout":"","ast-disable-related-posts":"","theme-transparent-header-meta":"","adv-header-id-meta":"","stick-header-meta":"","header-above-stick-meta":"","header-main-stick-meta":"","header-below-stick-meta":"","astra-migrate-meta-layouts":"set","ast-page-background-enabled":"default","ast-page-background-meta":{"desktop":{"background-color":"var(--ast-global-color-4)","background-image":"","background-repeat":"repeat","background-position":"center center","background-size":"auto","background-attachment":"scroll","background-type":"","background-media":"","overlay-type":"","overlay-color":"","overlay-opacity":"","overlay-gradient":""},"tablet":{"background-color":"","background-image":"","background-repeat":"repeat","background-position":"center center","background-size":"auto","background-attachment":"scroll","background-type":"","background-media":"","overlay-type":"","overlay-color":"","overlay-opacity":"","overlay-gradient":""},"mobile":{"background-color":"","background-image":"","background-repeat":"repeat","background-position":"center center","background-size":"auto","background-attachment":"scroll","background-type":"","background-media":"","overlay-type":"","overlay-color":"","overlay-opacity":"","overlay-gradient":""}},"ast-content-background-meta":{"desktop":{"background-color":"var(--ast-global-color-5)","background-image":"","background-repeat":"repeat","background-position":"center center","background-size":"auto","background-attachment":"scroll","background-type":"","background-media":"","overlay-type":"","overlay-color":"","overlay-opacity":"","overlay-gradient":""},"tablet":{"background-color":"var(--ast-global-color-5)","background-image":"","background-repeat":"repeat","background-position":"center center","background-size":"auto","background-attachment":"scroll","background-type":"","background-media":"","overlay-type":"","overlay-color":"","overlay-opacity":"","overlay-gradient":""},"mobile":{"background-color":"var(--ast-global-color-5)","background-image":"","background-repeat":"repeat","background-position":"center center","background-size":"auto","background-attachment":"scroll","background-type":"","background-media":"","overlay-type":"","overlay-color":"","overlay-opacity":"","overlay-gradient":""}},"footnotes":""},"class_list":["post-4855","page","type-page","status-publish","hentry"],"spectra_custom_meta":{"_wp_page_template":[""],"rank_math_internal_links_processed":["1"],"_wpml_word_count":["1967"],"rank_math_seo_score":["19"],"_uag_custom_page_level_css":[""],"site-sidebar-layout":["default"],"site-content-layout":[""],"ast-site-content-layout":["default"],"site-content-style":["default"],"site-sidebar-style":["default"],"ast-global-header-display":[""],"ast-banner-title-visibility":[""],"ast-main-header-display":[""],"ast-hfb-above-header-display":[""],"ast-hfb-below-header-display":[""],"ast-hfb-mobile-header-display":[""],"ast-breadcrumbs-content":[""],"ast-featured-img":[""],"footer-sml-layout":[""],"theme-transparent-header-meta":[""],"adv-header-id-meta":[""],"stick-header-meta":[""],"header-above-stick-meta":[""],"header-main-stick-meta":[""],"header-below-stick-meta":[""],"astra-migrate-meta-layouts":["set"],"ast-page-background-enabled":["default"],"ast-page-background-meta":["a:3:{s:7:\"desktop\";a:12:{s:16:\"background-color\";s:25:\"var(--ast-global-color-4)\";s:16:\"background-image\";s:0:\"\";s:17:\"background-repeat\";s:6:\"repeat\";s:19:\"background-position\";s:13:\"center center\";s:15:\"background-size\";s:4:\"auto\";s:21:\"background-attachment\";s:6:\"scroll\";s:15:\"background-type\";s:0:\"\";s:16:\"background-media\";s:0:\"\";s:12:\"overlay-type\";s:0:\"\";s:13:\"overlay-color\";s:0:\"\";s:15:\"overlay-opacity\";s:0:\"\";s:16:\"overlay-gradient\";s:0:\"\";}s:6:\"tablet\";a:12:{s:16:\"background-color\";s:0:\"\";s:16:\"background-image\";s:0:\"\";s:17:\"background-repeat\";s:6:\"repeat\";s:19:\"background-position\";s:13:\"center center\";s:15:\"background-size\";s:4:\"auto\";s:21:\"background-attachment\";s:6:\"scroll\";s:15:\"background-type\";s:0:\"\";s:16:\"background-media\";s:0:\"\";s:12:\"overlay-type\";s:0:\"\";s:13:\"overlay-color\";s:0:\"\";s:15:\"overlay-opacity\";s:0:\"\";s:16:\"overlay-gradient\";s:0:\"\";}s:6:\"mobile\";a:12:{s:16:\"background-color\";s:0:\"\";s:16:\"background-image\";s:0:\"\";s:17:\"background-repeat\";s:6:\"repeat\";s:19:\"background-position\";s:13:\"center center\";s:15:\"background-size\";s:4:\"auto\";s:21:\"background-attachment\";s:6:\"scroll\";s:15:\"background-type\";s:0:\"\";s:16:\"background-media\";s:0:\"\";s:12:\"overlay-type\";s:0:\"\";s:13:\"overlay-color\";s:0:\"\";s:15:\"overlay-opacity\";s:0:\"\";s:16:\"overlay-gradient\";s:0:\"\";}}"],"ast-content-background-meta":["a:3:{s:7:\"desktop\";a:12:{s:16:\"background-color\";s:25:\"var(--ast-global-color-5)\";s:16:\"background-image\";s:0:\"\";s:17:\"background-repeat\";s:6:\"repeat\";s:19:\"background-position\";s:13:\"center center\";s:15:\"background-size\";s:4:\"auto\";s:21:\"background-attachment\";s:6:\"scroll\";s:15:\"background-type\";s:0:\"\";s:16:\"background-media\";s:0:\"\";s:12:\"overlay-type\";s:0:\"\";s:13:\"overlay-color\";s:0:\"\";s:15:\"overlay-opacity\";s:0:\"\";s:16:\"overlay-gradient\";s:0:\"\";}s:6:\"tablet\";a:12:{s:16:\"background-color\";s:25:\"var(--ast-global-color-5)\";s:16:\"background-image\";s:0:\"\";s:17:\"background-repeat\";s:6:\"repeat\";s:19:\"background-position\";s:13:\"center center\";s:15:\"background-size\";s:4:\"auto\";s:21:\"background-attachment\";s:6:\"scroll\";s:15:\"background-type\";s:0:\"\";s:16:\"background-media\";s:0:\"\";s:12:\"overlay-type\";s:0:\"\";s:13:\"overlay-color\";s:0:\"\";s:15:\"overlay-opacity\";s:0:\"\";s:16:\"overlay-gradient\";s:0:\"\";}s:6:\"mobile\";a:12:{s:16:\"background-color\";s:25:\"var(--ast-global-color-5)\";s:16:\"background-image\";s:0:\"\";s:17:\"background-repeat\";s:6:\"repeat\";s:19:\"background-position\";s:13:\"center center\";s:15:\"background-size\";s:4:\"auto\";s:21:\"background-attachment\";s:6:\"scroll\";s:15:\"background-type\";s:0:\"\";s:16:\"background-media\";s:0:\"\";s:12:\"overlay-type\";s:0:\"\";s:13:\"overlay-color\";s:0:\"\";s:15:\"overlay-opacity\";s:0:\"\";s:16:\"overlay-gradient\";s:0:\"\";}}"],"footnotes":[""],"_wpml_location_migration_done":["1"],"_wpml_media_duplicate":["1"],"_wpml_media_featured":["1"],"_wpml_post_translation_editor_native":["yes"],"_edit_lock":["1756653777:1"],"_last_translation_edit_mode":["native-editor"],"_edit_last":["1"],"site-post-title":["disabled"],"_uag_css_file_name":["uag-css-4855.css"],"_uag_page_assets":["a:9:{s:3:\"css\";s:2063:\".wp-block-uagb-advanced-heading h1,.wp-block-uagb-advanced-heading h2,.wp-block-uagb-advanced-heading h3,.wp-block-uagb-advanced-heading h4,.wp-block-uagb-advanced-heading h5,.wp-block-uagb-advanced-heading h6,.wp-block-uagb-advanced-heading p,.wp-block-uagb-advanced-heading div{word-break:break-word}.wp-block-uagb-advanced-heading .uagb-heading-text{margin:0}.wp-block-uagb-advanced-heading .uagb-desc-text{margin:0}.wp-block-uagb-advanced-heading .uagb-separator{font-size:0;border-top-style:solid;display:inline-block;margin:0 0 10px 0}.wp-block-uagb-advanced-heading .uagb-highlight{color:#f78a0c;border:0;transition:all 0.3s ease}.uag-highlight-toolbar{border-left:0;border-top:0;border-bottom:0;border-radius:0;border-right-color:#1e1e1e}.uag-highlight-toolbar .components-button{border-radius:0;outline:none}.uag-highlight-toolbar .components-button.is-primary{color:#fff}\n.wp-block-uagb-advanced-heading.uagb-block-72a907f9.wp-block-uagb-advanced-heading {margin-top: 40px;margin-right: 0px;margin-bottom: 20px;margin-left: 0px;}.wp-block-uagb-advanced-heading.uagb-block-72a907f9.wp-block-uagb-advanced-heading .uagb-desc-text{margin-bottom: 15px;}.wp-block-uagb-advanced-heading.uagb-block-72a907f9.wp-block-uagb-advanced-heading .uagb-highlight{font-style: normal;font-weight: Default;background: #007cba;color: #fff;-webkit-text-fill-color: #fff;}.wp-block-uagb-advanced-heading.uagb-block-72a907f9.wp-block-uagb-advanced-heading .uagb-highlight::-moz-selection{color: #fff;background: #007cba;-webkit-text-fill-color: #fff;}.wp-block-uagb-advanced-heading.uagb-block-72a907f9.wp-block-uagb-advanced-heading .uagb-highlight::selection{color: #fff;background: #007cba;-webkit-text-fill-color: #fff;}.wp-block-uagb-advanced-heading.uagb-block-72a907f9 .uagb-heading-text{font-size: 32px;}.uag-blocks-common-selector{z-index:var(--z-index-desktop) !important}@media (max-width: 976px){.uag-blocks-common-selector{z-index:var(--z-index-tablet) !important}}@media (max-width: 767px){.uag-blocks-common-selector{z-index:var(--z-index-mobile) !important}}\n\";s:2:\"js\";s:0:\"\";s:18:\"current_block_list\";a:6:{i:0;s:21:\"uagb\/advanced-heading\";i:1;s:14:\"core\/paragraph\";i:2;s:12:\"core\/heading\";i:3;s:9:\"core\/list\";i:4;s:14:\"core\/list-item\";i:5;s:10:\"core\/table\";}s:8:\"uag_flag\";b:1;s:11:\"uag_version\";s:10:\"1776293692\";s:6:\"gfonts\";a:0:{}s:10:\"gfonts_url\";s:0:\"\";s:12:\"gfonts_files\";a:0:{}s:14:\"uag_faq_layout\";b:0;}"]},"uagb_featured_image_src":{"full":false,"thumbnail":false,"medium":false,"medium_large":false,"large":false,"1536x1536":false,"2048x2048":false},"uagb_author_info":{"display_name":"admin1to1","author_link":"https:\/\/digital1to1.com\/it\/author\/admin1to1\/"},"uagb_comment_info":0,"uagb_excerpt":"Politica Cookies Utilizziamo i cookie per facilitare l&#8217;utilizzo del nostro sito web&nbsp;https:\/\/wwww.digital1to1.com&nbsp;(di seguito, il&#8220;Sito web&#8220;). Desideriamo informarvi in modo chiaro [&hellip;]","_links":{"self":[{"href":"https:\/\/digital1to1.com\/it\/wp-json\/wp\/v2\/pages\/4855","targetHints":{"allow":["GET"]}}],"collection":[{"href":"https:\/\/digital1to1.com\/it\/wp-json\/wp\/v2\/pages"}],"about":[{"href":"https:\/\/digital1to1.com\/it\/wp-json\/wp\/v2\/types\/page"}],"author":[{"embeddable":true,"href":"https:\/\/digital1to1.com\/it\/wp-json\/wp\/v2\/users\/1"}],"replies":[{"embeddable":true,"href":"https:\/\/digital1to1.com\/it\/wp-json\/wp\/v2\/comments?post=4855"}],"version-history":[{"count":1,"href":"https:\/\/digital1to1.com\/it\/wp-json\/wp\/v2\/pages\/4855\/revisions"}],"predecessor-version":[{"id":5379,"href":"https:\/\/digital1to1.com\/it\/wp-json\/wp\/v2\/pages\/4855\/revisions\/5379"}],"wp:attachment":[{"href":"https:\/\/digital1to1.com\/it\/wp-json\/wp\/v2\/media?parent=4855"}],"curies":[{"name":"wp","href":"https:\/\/api.w.org\/{rel}","templated":true}]}}