{"id":4866,"date":"2025-08-26T13:21:55","date_gmt":"2025-08-26T11:21:55","guid":{"rendered":"https:\/\/digital1to1.com\/it\/politica-privacidad\/"},"modified":"2025-08-31T17:26:15","modified_gmt":"2025-08-31T15:26:15","slug":"privacy-policy","status":"publish","type":"page","link":"https:\/\/digital1to1.com\/it\/privacy-policy\/","title":{"rendered":"Privacy Policy"},"content":{"rendered":"\n<div class=\"wp-block-uagb-advanced-heading uagb-block-90c9a11a\"><h1 class=\"uagb-heading-text\">Privacy Policy<\/h1><\/div>\n\n\n\n<ol class=\"wp-block-list\">\n<li><strong>IDENTIT\u00c0 E DATI DI CONTATTO DEL RESPONSABILE DEL TRATTAMENTO DEI DATI PERSONALI<\/strong><\/li>\n<\/ol>\n\n\n\n<p>In ottemperanza alle disposizioni del Regolamento (UE) 2016\/679 relativo alla protezione delle persone fisiche con riguardo al trattamento dei dati personali e alla libera circolazione di tali dati<strong>(RGPD<\/strong>), nonch\u00e9 della Legge federale sulla protezione dei dati personali detenuti dagli obbligati<strong>(LFPDPPS<\/strong>), vi informiamo che la societ\u00e0ECOMMERCE ETC, S.L.&#8221; (in seguito &#8220;<strong>Digital 1to1<\/strong>&#8220;) sar\u00e0 il soggetto responsabile del trattamento dei Suoi dati personali.<\/p>\n\n\n\n<p>Ai fini della presente informativa sulla privacy, per &#8220;utenti&#8221; si intendono tutte le persone che forniscono i propri dati personali a Digital 1to1 attraverso il nostro sito web&nbsp;<a href=\"https:\/\/digital1to1.com\/it\/\">www.digital1to1.com<\/a>, (i) iscrivendosi al nostro Newsletter, nonch\u00e9 (ii) per essere contattati da noi attraverso il modulo di contatto. In questa Informativa sulla privacy forniamo agli utenti informazioni generali sull&#8217;uso che noi di Digital 1to1 faremo dei loro dati personali attraverso l&#8217;uso del nostro sito web, a chi potremmo comunicarli, il loro periodo di conservazione o i diversi diritti che la legge concede all&#8217;utente per proteggere la sua privacy. In caso di richiesta o contrattazione di qualsiasi servizio offerto da Digital 1to1 attraverso la piattaforma, saranno incluse tutte le informazioni sulla privacy applicabili.<\/p>\n\n\n\n<p>In relazione a quanto sopra, precisiamo che tutte le informazioni relative all&#8217;uso dei cookie sul nostro sito web e ai dati personali degli utenti che raccogliamo navigando sul nostro sito web sono dettagliate e disponibili nella nostra&nbsp;Politica sui cookies.<\/p>\n\n\n\n<p>Se avete domande sulla protezione dei vostri dati personali, contattate:<\/p>\n\n\n\n<ul class=\"wp-block-list\">\n<li>Email di contatto: info@digital1to1.com<\/li>\n\n\n\n<li>Numero di telefono di contatto: +34 93 200 93 07<\/li>\n\n\n\n<li>Indirizzo postale: C\/ Ravella 12 local, 08012, Barcelona, Spagna.<\/li>\n<\/ul>\n\n\n\n<ol start=\"2\" class=\"wp-block-list\">\n<li><strong>FINALIT\u00c0 E LEGITTIMIT\u00c0 DEL TRATTAMENTO DEI DATI PERSONALI<\/strong><\/li>\n<\/ol>\n\n\n\n<p>La base giuridica che ci consente di trattare i dati personali dell&#8217;utente in base all&#8217;uso che ne faremo in ciascun caso \u00e8 indicata di seguito.<\/p>\n\n\n\n<ul class=\"wp-block-list\">\n<li>Interesse legittimo:<\/li>\n<\/ul>\n\n\n\n<p>Su Digital 1to1 avremo bisogno di trattare i dati personali degli utenti che ci contattano attraverso il nostro sito web per potervi assistere e rispondere alle vostre domande, dubbi o richieste, sulla base di un interesse legittimo.<\/p>\n\n\n\n<ul class=\"wp-block-list\">\n<li>Consenso all&#8217;invio di Newsletter e di informazioni commerciali:<\/li>\n\n\n\n<li>Su richiesta dell&#8217;utente, possiamo utilizzare i suoi dati personali per inviargli il nostro Newsletter, tramite l&#8217;indirizzo e-mail che ci ha indicato.<\/li>\n\n\n\n<li>Inoltre, quando un utente ci ha dato il suo esplicito consenso, Digital 1to1 utilizzer\u00e0 i suoi dati personali per inviargli comunicazioni commerciali sui nostri eventi, lotterie, promozioni o concorsi organizzati da Digital 1to1; nonch\u00e9 sui prodotti e servizi delle altre entit\u00e0 del gruppo imprenditoriale di cui facciamo parte, o sui prodotti e servizi di terzi (ad esempio, quelli dei nostri partner commerciali), sempre relativi al settore dell&#8217;e-commerce, dell&#8217;e-retail e delle soluzioni SAAS Ecommerce (tra gli altri, servizi di risorse umane, incubazione di progetti e coworking, generazione di clienti o di lead, ottenimento di finanziamenti e internazionalizzazione per progetti tecnologici).<\/li>\n<\/ul>\n\n\n\n<p>Queste comunicazioni possono essere inviate all&#8217;utente con qualsiasi mezzo, anche automatizzato.<\/p>\n\n\n\n<p>In qualsiasi momento, se un utente non desidera continuare a ricevere il sito Newsletter o qualsiasi tipo di comunicazione commerciale, sar\u00e0 sufficiente che ce lo indichi attraverso il link fornito a questo scopo in ogni sito Newsletter, o via e-mail&nbsp;<a href=\"mailto:info@digital1to1.com\">info@digital1to1<\/a><a href=\"mailto:info@digital1to1.com\">.com<\/a>, come indicato nella sezione &#8220;6&#8221; della presente informativa sulla privacy.<\/p>\n\n\n\n<ul class=\"wp-block-list\">\n<li>Adempimento di un rapporto contrattuale:<\/li>\n<\/ul>\n\n\n\n<p>Nei casi in cui un utente contratta un servizio attraverso la nostra piattaforma, avremo bisogno di trattare i suoi dati personali, in quanto tali informazioni sono essenziali per formalizzare, gestire e rispettare il contratto che desidera stipulare, nonch\u00e9 per fornirgli i servizi richiesti. In questo caso, l&#8217;utente sar\u00e0 informato del trattamento, delle finalit\u00e0, dei destinatari, dei diritti e di tutti i dettagli richiesti dalla normativa vigente in materia di protezione dei dati e gli saranno richiesti i consensi necessari.<\/p>\n\n\n\n<ul class=\"wp-block-list\">\n<li>Conformit\u00e0 agli obblighi di legge:<\/li>\n<\/ul>\n\n\n\n<p>In alcuni casi, inoltre, potremmo dover utilizzare i vostri dati personali per adempiere a determinati obblighi di legge; in questi casi, ove possibile, vi informeremo di ci\u00f2 e della legge che ci impone di farlo.<\/p>\n\n\n\n<ol start=\"3\" class=\"wp-block-list\">\n<li><strong>A CHI POSSIAMO COMUNICARE I VOSTRI DATI PERSONALI<\/strong><\/li>\n<\/ol>\n\n\n\n<p>Digital 1to1 \u00e8 legalmente responsabile della raccolta, dell&#8217;utilizzo, della conservazione e, se del caso, della cancellazione dei vostri dati personali. Come regola generale, quindi, li utilizzeremo solo noi stessi e non li trasmetteremo a terzi.<\/p>\n\n\n\n<p>Allo stesso modo, in alcune occasioni potremmo dover fornire i dati personali dell&#8217;utente a terzi a cui siamo obbligati per legge, come le Corti e i Tribunali o le Forze e i Corpi di Sicurezza dello Stato.<\/p>\n\n\n\n<p>Tuttavia, desideriamo informare gli utenti che Digital 1to1 si avvale della collaborazione di fornitori terzi che agiscono in qualit\u00e0 di responsabili del trattamento, elaborando i dati personali in nome e per conto di Digital 1to1.<\/p>\n\n\n\n<p>Digital 1to1 segue criteri appropriati per la selezione dei fornitori di servizi al fine di rispettare i propri obblighi in materia di protezione dei dati e si impegna a stipulare con essi il relativo contratto di trattamento dei dati, imponendo loro, tra l&#8217;altro, i seguenti obblighi: implementare misure tecniche e organizzative adeguate; trattare i dati personali per le finalit\u00e0 concordate e solo in conformit\u00e0 alle istruzioni documentate di Digital 1to1; cancellare o restituire i dati al termine della fornitura dei servizi.<\/p>\n\n\n\n<p>Nello specifico, Digital 1to1 pu\u00f2 appaltare la fornitura di servizi da parte di fornitori terzi che operano, a titolo esemplificativo e non esaustivo, nei seguenti settori: servizi logistici, consulenza legale, fornitori di servizi tecnologici, fornitori di servizi IT, fornitori di servizi di messaggistica istantanea, societ\u00e0 di gestione e manutenzione delle infrastrutture e fornitori di servizi di call center.<\/p>\n\n\n\n<ol start=\"4\" class=\"wp-block-list\">\n<li><strong>IL PERIODO DI CONSERVAZIONE DEI DATI PERSONALI O IL CRITERIO UTILIZZATO PER DETERMINARLO<\/strong><\/li>\n<\/ol>\n\n\n\n<p>Su Digital 1to1 conserveremo i dati personali forniti dagli utenti per tutto il tempo necessario allo scopo per cui sono stati forniti. Vale a dire, finch\u00e9 ne avremo bisogno per rispondere alle vostre domande o ai vostri dubbi, finch\u00e9 sarete registrati sul nostro sito Newsletter, o finch\u00e9 sar\u00e0 valida la vostra autorizzazione a inviarvi eventuali comunicazioni commerciali.<\/p>\n\n\n\n<p>In seguito, Digital 1to1 conserver\u00e0 i dati personali dell&#8217;utente, ma debitamente bloccati, per i periodi stabiliti dalla legge, al fine di rispondere a eventuali reclami che potrebbero essere presentati, a disposizione delle Pubbliche Amministrazioni e delle Corti e Tribunali competenti, o per adempiere agli obblighi di legge che potrebbero esserci richiesti in qualsiasi momento. Una volta trascorsi questi periodi legali, li cancelleremo definitivamente.<\/p>\n\n\n\n<ol start=\"5\" class=\"wp-block-list\">\n<li><strong>DIRITTI DELL&#8217;UTENTE A LIVELLO DI PROTEZIONE DEI DATI PERSONALI<\/strong><\/li>\n<\/ol>\n\n\n\n<p>Gli utenti possono esercitare i diritti di accesso, rettifica, cancellazione, limitazione del trattamento, opposizione e portabilit\u00e0 dei propri dati personali, nei termini stabiliti dalla normativa vigente. A tal fine, l&#8217;utente pu\u00f2 rivolgersi direttamente a ECOMMERCE ETC, S.L., con sede legale in Calle Monte n\u00ba 53, 1\u00ba 3\u00aa, 08904 L&#8217;Hospitalet de Llobregat (Barcelona), oppure inviando una richiesta all&#8217;indirizzo e-mail info@digital1to1.com, fornendo in entrambi i casi una copia della carta d&#8217;identit\u00e0 o di un documento di riconoscimento equivalente.<\/p>\n\n\n\n<figure class=\"wp-block-table\"><table class=\"has-fixed-layout\"><tbody><tr><td><strong>Legge<\/strong><\/td><td><strong>Contenuto<\/strong><\/td><\/tr><tr><td><strong>Accesso<\/strong><\/td><td>Gli utenti possono ottenere la conferma che Digital 1to1 stia trattando o meno i loro dati personali. In tal caso, l&#8217;utente pu\u00f2 accedere ai propri dati personali.<\/td><\/tr><tr><td><strong>Correzione<\/strong><\/td><td>L&#8217;utente ha il diritto di richiedere la rettifica dei propri dati personali qualora questi siano inesatti.<\/td><\/tr><tr><td><strong>Soppressione<\/strong><\/td><td>Potete richiedere la cancellazione dei vostri dati personali se, tra le altre ragioni, non sono pi\u00f9 necessari per gli scopi per cui ce li avete forniti.<\/td><\/tr><tr><td><strong>L&#8217;opposizione<\/strong><\/td><td>In determinate occasioni, principalmente quando Digital 1to1 utilizza i vostri dati personali per nostro legittimo interesse, potete opporvi al trattamento dei vostri dati. In questo caso, a meno che non sia possibile per motivi legittimi (come, ad esempio, per l&#8217;esercizio o la difesa di eventuali reclami), interromperemo il trattamento dei vostri dati personali.<\/td><\/tr><tr><td><strong>Limitazione del trattamento<\/strong><\/td><td>L&#8217;utente ha il diritto, in determinate circostanze, di richiedere la limitazione del trattamento dei propri dati personali.<\/td><\/tr><tr><td><strong>Portabilit\u00e0<\/strong><\/td><td>L&#8217;utente, nei casi in cui il trattamento dei suoi dati personali sia basato sul consenso o su un rapporto contrattuale, pu\u00f2 richiedere la portabilit\u00e0 per trasmettere i dati ad altri titolari del trattamento, in un formato di uso comune e leggibile da dispositivo automatico.<\/td><\/tr><\/tbody><\/table><\/figure>\n\n\n\n<ol start=\"6\" class=\"wp-block-list\">\n<li><strong>IL DIRITTO DELL&#8217;UTENTE DI REVOCARE IL CONSENSO<\/strong><\/li>\n<\/ol>\n\n\n\n<p>Fatti salvi gli obblighi di custodia e di blocco previsti dalla legge per Digital 1to1 in relazione ai dati personali dei nostri utenti, l&#8217;utente pu\u00f2 revocare il consenso che ha dato per il trattamento dei suoi dati personali. L&#8217;utente pu\u00f2 farlo in qualsiasi momento, gratuitamente, e senza che ci\u00f2 comporti alcun danno o pregiudizio per l&#8217;eventuale rapporto contrattuale che pu\u00f2 avere con Digital 1to1.<\/p>\n\n\n\n<ol start=\"7\" class=\"wp-block-list\">\n<li><strong>IL DIRITTO DELL&#8217;UTENTE DI PRESENTARE UN RECLAMO ALL&#8217;AUTORIT\u00c0 DI VIGILANZA<\/strong><\/li>\n<\/ol>\n\n\n\n<p>Se un Utente ritiene che non abbiamo trattato i suoi dati personali in conformit\u00e0 con le norme applicabili e, in particolare, se non ha ottenuto soddisfazione nell&#8217;esercizio dei suoi diritti, pu\u00f2 presentare un reclamo a un&#8217;autorit\u00e0 di controllo del corrispondente Stato membro dell&#8217;Unione Europea. Nel caso di un Utente che si trovi in Spagna, potr\u00e0 presentare le sue richieste o i suoi reclami all&#8217;Agenzia spagnola per la protezione dei dati, il cui sito web \u00e8&nbsp;<a href=\"https:\/\/www.agpd.es\/\" rel=\"noreferrer noopener\" target=\"_blank\">www.agpd.es.<\/a><\/p>\n\n\n\n<ol start=\"8\" class=\"wp-block-list\">\n<li><strong>VERIDICIT\u00c0 DEI DATI FORNITI DALL&#8217;UTENTE<\/strong><\/li>\n<\/ol>\n\n\n\n<p>Gli utenti garantiscono che i dati forniti sono veritieri, esatti, completi e aggiornati e sono responsabili di qualsiasi danno diretto o indiretto che possa essere causato a Digital 1to1 o a terzi in conseguenza del mancato rispetto di tale obbligo.<\/p>\n\n\n\n<ol start=\"9\" class=\"wp-block-list\">\n<li><strong>MODIFICHE ALL&#8217;INFORMATIVA SULLA PRIVACY<\/strong><\/li>\n<\/ol>\n\n\n\n<p>Digital 1to1 pu\u00f2 aggiornare la presente informativa sulla privacy in qualsiasi momento. In tal caso, se tale aggiornamento implica una modifica rilevante e sostanziale delle condizioni legali in materia di privacy, una versione aggiornata dell&#8217;informativa sulla privacy sar\u00e0 inviata all&#8217;utente tramite l&#8217;indirizzo e-mail fornito dall&#8217;utente. Allo stesso modo, l&#8217;utente pu\u00f2 accedere all&#8217;informativa sulla privacy in qualsiasi momento attraverso il nostro sito web.<\/p>\n","protected":false},"excerpt":{"rendered":"<p>Privacy Policy In ottemperanza alle disposizioni del Regolamento (UE) 2016\/679 relativo alla protezione delle persone fisiche con riguardo al trattamento [&hellip;]<\/p>\n","protected":false},"author":1,"featured_media":0,"parent":0,"menu_order":0,"comment_status":"closed","ping_status":"closed","template":"","meta":{"_uag_custom_page_level_css":"","site-sidebar-layout":"default","site-content-layout":"","ast-site-content-layout":"default","site-content-style":"default","site-sidebar-style":"default","ast-global-header-display":"","ast-banner-title-visibility":"","ast-main-header-display":"","ast-hfb-above-header-display":"","ast-hfb-below-header-display":"","ast-hfb-mobile-header-display":"","site-post-title":"disabled","ast-breadcrumbs-content":"","ast-featured-img":"","footer-sml-layout":"","ast-disable-related-posts":"","theme-transparent-header-meta":"","adv-header-id-meta":"","stick-header-meta":"","header-above-stick-meta":"","header-main-stick-meta":"","header-below-stick-meta":"","astra-migrate-meta-layouts":"set","ast-page-background-enabled":"default","ast-page-background-meta":{"desktop":{"background-color":"var(--ast-global-color-4)","background-image":"","background-repeat":"repeat","background-position":"center center","background-size":"auto","background-attachment":"scroll","background-type":"","background-media":"","overlay-type":"","overlay-color":"","overlay-opacity":"","overlay-gradient":""},"tablet":{"background-color":"","background-image":"","background-repeat":"repeat","background-position":"center center","background-size":"auto","background-attachment":"scroll","background-type":"","background-media":"","overlay-type":"","overlay-color":"","overlay-opacity":"","overlay-gradient":""},"mobile":{"background-color":"","background-image":"","background-repeat":"repeat","background-position":"center center","background-size":"auto","background-attachment":"scroll","background-type":"","background-media":"","overlay-type":"","overlay-color":"","overlay-opacity":"","overlay-gradient":""}},"ast-content-background-meta":{"desktop":{"background-color":"var(--ast-global-color-5)","background-image":"","background-repeat":"repeat","background-position":"center center","background-size":"auto","background-attachment":"scroll","background-type":"","background-media":"","overlay-type":"","overlay-color":"","overlay-opacity":"","overlay-gradient":""},"tablet":{"background-color":"var(--ast-global-color-5)","background-image":"","background-repeat":"repeat","background-position":"center center","background-size":"auto","background-attachment":"scroll","background-type":"","background-media":"","overlay-type":"","overlay-color":"","overlay-opacity":"","overlay-gradient":""},"mobile":{"background-color":"var(--ast-global-color-5)","background-image":"","background-repeat":"repeat","background-position":"center center","background-size":"auto","background-attachment":"scroll","background-type":"","background-media":"","overlay-type":"","overlay-color":"","overlay-opacity":"","overlay-gradient":""}},"footnotes":""},"class_list":["post-4866","page","type-page","status-publish","hentry"],"spectra_custom_meta":{"rank_math_seo_score":["19"],"rank_math_internal_links_processed":["1"],"_uag_custom_page_level_css":[""],"site-sidebar-layout":["default"],"site-content-layout":[""],"ast-site-content-layout":["default"],"site-content-style":["default"],"site-sidebar-style":["default"],"ast-global-header-display":[""],"ast-banner-title-visibility":[""],"ast-main-header-display":[""],"ast-hfb-above-header-display":[""],"ast-hfb-below-header-display":[""],"ast-hfb-mobile-header-display":[""],"ast-breadcrumbs-content":[""],"ast-featured-img":[""],"footer-sml-layout":[""],"theme-transparent-header-meta":[""],"adv-header-id-meta":[""],"stick-header-meta":[""],"header-above-stick-meta":[""],"header-main-stick-meta":[""],"header-below-stick-meta":[""],"astra-migrate-meta-layouts":["set"],"ast-page-background-enabled":["default"],"ast-page-background-meta":["a:3:{s:7:\"desktop\";a:12:{s:16:\"background-color\";s:25:\"var(--ast-global-color-4)\";s:16:\"background-image\";s:0:\"\";s:17:\"background-repeat\";s:6:\"repeat\";s:19:\"background-position\";s:13:\"center center\";s:15:\"background-size\";s:4:\"auto\";s:21:\"background-attachment\";s:6:\"scroll\";s:15:\"background-type\";s:0:\"\";s:16:\"background-media\";s:0:\"\";s:12:\"overlay-type\";s:0:\"\";s:13:\"overlay-color\";s:0:\"\";s:15:\"overlay-opacity\";s:0:\"\";s:16:\"overlay-gradient\";s:0:\"\";}s:6:\"tablet\";a:12:{s:16:\"background-color\";s:0:\"\";s:16:\"background-image\";s:0:\"\";s:17:\"background-repeat\";s:6:\"repeat\";s:19:\"background-position\";s:13:\"center center\";s:15:\"background-size\";s:4:\"auto\";s:21:\"background-attachment\";s:6:\"scroll\";s:15:\"background-type\";s:0:\"\";s:16:\"background-media\";s:0:\"\";s:12:\"overlay-type\";s:0:\"\";s:13:\"overlay-color\";s:0:\"\";s:15:\"overlay-opacity\";s:0:\"\";s:16:\"overlay-gradient\";s:0:\"\";}s:6:\"mobile\";a:12:{s:16:\"background-color\";s:0:\"\";s:16:\"background-image\";s:0:\"\";s:17:\"background-repeat\";s:6:\"repeat\";s:19:\"background-position\";s:13:\"center center\";s:15:\"background-size\";s:4:\"auto\";s:21:\"background-attachment\";s:6:\"scroll\";s:15:\"background-type\";s:0:\"\";s:16:\"background-media\";s:0:\"\";s:12:\"overlay-type\";s:0:\"\";s:13:\"overlay-color\";s:0:\"\";s:15:\"overlay-opacity\";s:0:\"\";s:16:\"overlay-gradient\";s:0:\"\";}}"],"ast-content-background-meta":["a:3:{s:7:\"desktop\";a:12:{s:16:\"background-color\";s:25:\"var(--ast-global-color-5)\";s:16:\"background-image\";s:0:\"\";s:17:\"background-repeat\";s:6:\"repeat\";s:19:\"background-position\";s:13:\"center center\";s:15:\"background-size\";s:4:\"auto\";s:21:\"background-attachment\";s:6:\"scroll\";s:15:\"background-type\";s:0:\"\";s:16:\"background-media\";s:0:\"\";s:12:\"overlay-type\";s:0:\"\";s:13:\"overlay-color\";s:0:\"\";s:15:\"overlay-opacity\";s:0:\"\";s:16:\"overlay-gradient\";s:0:\"\";}s:6:\"tablet\";a:12:{s:16:\"background-color\";s:25:\"var(--ast-global-color-5)\";s:16:\"background-image\";s:0:\"\";s:17:\"background-repeat\";s:6:\"repeat\";s:19:\"background-position\";s:13:\"center center\";s:15:\"background-size\";s:4:\"auto\";s:21:\"background-attachment\";s:6:\"scroll\";s:15:\"background-type\";s:0:\"\";s:16:\"background-media\";s:0:\"\";s:12:\"overlay-type\";s:0:\"\";s:13:\"overlay-color\";s:0:\"\";s:15:\"overlay-opacity\";s:0:\"\";s:16:\"overlay-gradient\";s:0:\"\";}s:6:\"mobile\";a:12:{s:16:\"background-color\";s:25:\"var(--ast-global-color-5)\";s:16:\"background-image\";s:0:\"\";s:17:\"background-repeat\";s:6:\"repeat\";s:19:\"background-position\";s:13:\"center center\";s:15:\"background-size\";s:4:\"auto\";s:21:\"background-attachment\";s:6:\"scroll\";s:15:\"background-type\";s:0:\"\";s:16:\"background-media\";s:0:\"\";s:12:\"overlay-type\";s:0:\"\";s:13:\"overlay-color\";s:0:\"\";s:15:\"overlay-opacity\";s:0:\"\";s:16:\"overlay-gradient\";s:0:\"\";}}"],"footnotes":[""],"_wpml_word_count":["1828"],"_wpml_media_duplicate":["1"],"_wpml_media_featured":["1"],"_wpml_post_translation_editor_native":["yes"],"_edit_lock":["1756653978:1"],"_last_translation_edit_mode":["native-editor"],"_edit_last":["1"],"_wp_page_template":[""],"site-post-title":["disabled"],"_uag_css_file_name":["uag-css-4866.css"],"_uag_page_assets":["a:9:{s:3:\"css\";s:2063:\".wp-block-uagb-advanced-heading h1,.wp-block-uagb-advanced-heading h2,.wp-block-uagb-advanced-heading h3,.wp-block-uagb-advanced-heading h4,.wp-block-uagb-advanced-heading h5,.wp-block-uagb-advanced-heading h6,.wp-block-uagb-advanced-heading p,.wp-block-uagb-advanced-heading div{word-break:break-word}.wp-block-uagb-advanced-heading .uagb-heading-text{margin:0}.wp-block-uagb-advanced-heading .uagb-desc-text{margin:0}.wp-block-uagb-advanced-heading .uagb-separator{font-size:0;border-top-style:solid;display:inline-block;margin:0 0 10px 0}.wp-block-uagb-advanced-heading .uagb-highlight{color:#f78a0c;border:0;transition:all 0.3s ease}.uag-highlight-toolbar{border-left:0;border-top:0;border-bottom:0;border-radius:0;border-right-color:#1e1e1e}.uag-highlight-toolbar .components-button{border-radius:0;outline:none}.uag-highlight-toolbar .components-button.is-primary{color:#fff}\n.wp-block-uagb-advanced-heading.uagb-block-90c9a11a.wp-block-uagb-advanced-heading {margin-top: 40px;margin-right: 0px;margin-bottom: 20px;margin-left: 0px;}.wp-block-uagb-advanced-heading.uagb-block-90c9a11a.wp-block-uagb-advanced-heading .uagb-desc-text{margin-bottom: 15px;}.wp-block-uagb-advanced-heading.uagb-block-90c9a11a.wp-block-uagb-advanced-heading .uagb-highlight{font-style: normal;font-weight: Default;background: #007cba;color: #fff;-webkit-text-fill-color: #fff;}.wp-block-uagb-advanced-heading.uagb-block-90c9a11a.wp-block-uagb-advanced-heading .uagb-highlight::-moz-selection{color: #fff;background: #007cba;-webkit-text-fill-color: #fff;}.wp-block-uagb-advanced-heading.uagb-block-90c9a11a.wp-block-uagb-advanced-heading .uagb-highlight::selection{color: #fff;background: #007cba;-webkit-text-fill-color: #fff;}.wp-block-uagb-advanced-heading.uagb-block-90c9a11a .uagb-heading-text{font-size: 32px;}.uag-blocks-common-selector{z-index:var(--z-index-desktop) !important}@media (max-width: 976px){.uag-blocks-common-selector{z-index:var(--z-index-tablet) !important}}@media (max-width: 767px){.uag-blocks-common-selector{z-index:var(--z-index-mobile) !important}}\n\";s:2:\"js\";s:0:\"\";s:18:\"current_block_list\";a:5:{i:0;s:21:\"uagb\/advanced-heading\";i:1;s:9:\"core\/list\";i:2;s:14:\"core\/list-item\";i:3;s:14:\"core\/paragraph\";i:4;s:10:\"core\/table\";}s:8:\"uag_flag\";b:1;s:11:\"uag_version\";s:10:\"1776299582\";s:6:\"gfonts\";a:0:{}s:10:\"gfonts_url\";s:0:\"\";s:12:\"gfonts_files\";a:0:{}s:14:\"uag_faq_layout\";b:0;}"]},"uagb_featured_image_src":{"full":false,"thumbnail":false,"medium":false,"medium_large":false,"large":false,"1536x1536":false,"2048x2048":false},"uagb_author_info":{"display_name":"admin1to1","author_link":"https:\/\/digital1to1.com\/it\/author\/admin1to1\/"},"uagb_comment_info":0,"uagb_excerpt":"Privacy Policy In ottemperanza alle disposizioni del Regolamento (UE) 2016\/679 relativo alla protezione delle persone fisiche con riguardo al trattamento [&hellip;]","_links":{"self":[{"href":"https:\/\/digital1to1.com\/it\/wp-json\/wp\/v2\/pages\/4866","targetHints":{"allow":["GET"]}}],"collection":[{"href":"https:\/\/digital1to1.com\/it\/wp-json\/wp\/v2\/pages"}],"about":[{"href":"https:\/\/digital1to1.com\/it\/wp-json\/wp\/v2\/types\/page"}],"author":[{"embeddable":true,"href":"https:\/\/digital1to1.com\/it\/wp-json\/wp\/v2\/users\/1"}],"replies":[{"embeddable":true,"href":"https:\/\/digital1to1.com\/it\/wp-json\/wp\/v2\/comments?post=4866"}],"version-history":[{"count":1,"href":"https:\/\/digital1to1.com\/it\/wp-json\/wp\/v2\/pages\/4866\/revisions"}],"predecessor-version":[{"id":5384,"href":"https:\/\/digital1to1.com\/it\/wp-json\/wp\/v2\/pages\/4866\/revisions\/5384"}],"wp:attachment":[{"href":"https:\/\/digital1to1.com\/it\/wp-json\/wp\/v2\/media?parent=4866"}],"curies":[{"name":"wp","href":"https:\/\/api.w.org\/{rel}","templated":true}]}}